{"id":225912,"date":"2024-06-20T17:53:38","date_gmt":"2024-06-20T17:53:38","guid":{"rendered":"https:\/\/goienboutiquehotel.com\/?page_id=225912"},"modified":"2024-06-20T17:56:56","modified_gmt":"2024-06-20T17:56:56","slug":"politica-de-cookies","status":"publish","type":"page","link":"https:\/\/goienboutiquehotel.com\/fr\/politica-de-cookies\/","title":{"rendered":"Pol\u00edtica de Cookies"},"content":{"rendered":"<p>[et_pb_section fb_built=\u00bb1&#8243; admin_label=\u00bbsection\u00bb _builder_version=\u00bb4.20.0&#8243; background_color=\u00bb#000000&#8243; custom_margin=\u00bb0px||0px||false|false\u00bb custom_padding=\u00bb0px||0px||false|false\u00bb collapsed=\u00bboff\u00bb global_colors_info=\u00bb{}\u00bb theme_builder_area=\u00bbpost_content\u00bb][et_pb_row admin_label=\u00bbrow\u00bb _builder_version=\u00bb4.20.0&#8243; background_size=\u00bbinitial\u00bb background_position=\u00bbtop_left\u00bb background_repeat=\u00bbrepeat\u00bb custom_margin=\u00bb0px||0px||false|false\u00bb custom_padding=\u00bb0px||0px||false|false\u00bb global_colors_info=\u00bb{}\u00bb theme_builder_area=\u00bbpost_content\u00bb][et_pb_column type=\u00bb4_4&#8243; _builder_version=\u00bb4.16&#8243; custom_padding=\u00bb|||\u00bb global_colors_info=\u00bb{}\u00bb custom_padding__hover=\u00bb|||\u00bb theme_builder_area=\u00bbpost_content\u00bb][et_pb_code _builder_version=\u00bb4.24.2&#8243; _module_preset=\u00bbdefault\u00bb global_colors_info=\u00bb{}\u00bb theme_builder_area=\u00bbpost_content\u00bb]\n\t\t\t<!-- START Contacto REVOLUTION SLIDER 6.5.7 --><p class=\"rs-p-wp-fix\"><\/p>\n\t\t\t<rs-module-wrap id=\"rev_slider_28_1_wrapper\" data-source=\"gallery\" style=\"visibility:hidden;background:#000000;padding:0;margin:0px auto;margin-top:0;margin-bottom:0;\">\n\t\t\t\t<rs-module id=\"rev_slider_28_1\" style=\"\" data-version=\"6.5.7\">\n\t\t\t\t\t<rs-slides>\n\t\t\t\t\t\t<rs-slide style=\"position: absolute;\" data-key=\"rs-56\" data-title=\"slide\" data-anim=\"ms:2300;p:dark;\" data-in=\"o:0;\" data-out=\"o:0;\" data-p1=\"01\">\n\t\t\t\t\t\t\t<img loading=\"lazy\" decoding=\"async\" src=\"\/\/goienboutiquehotel.com\/wp-content\/plugins\/revslider\/public\/assets\/assets\/dummy.png\" alt=\"Goien Hotel Boutique Cafeter\u00eda\" title=\"Goien Hotel Boutique Cafeter\u00eda\" width=\"1500\" height=\"1000\" class=\"rev-slidebg tp-rs-img rs-lazyload\" data-lazyload=\"\/\/goienboutiquehotel.com\/wp-content\/uploads\/2024\/04\/goien-6.jpeg\" data-parallax=\"3\" data-no-retina>\n<!--\n\t\t\t\t\t\t\t--><rs-layer\n\t\t\t\t\t\t\t\tid=\"slider-28-slide-56-layer-1\" \n\t\t\t\t\t\t\t\tclass=\"tp-shape tp-shapewrapper\"\n\t\t\t\t\t\t\t\tdata-type=\"shape\"\n\t\t\t\t\t\t\t\tdata-xy=\"x:c;y:m;\"\n\t\t\t\t\t\t\t\tdata-dim=\"w:100%;h:100%;\"\n\t\t\t\t\t\t\t\tdata-basealign=\"slide\"\n\t\t\t\t\t\t\t\tdata-rsp_o=\"off\"\n\t\t\t\t\t\t\t\tdata-rsp_bd=\"off\"\n\t\t\t\t\t\t\t\tdata-frame_1=\"e:power2.inOut;st:150;sp:1500;sR:150;\"\n\t\t\t\t\t\t\t\tdata-frame_999=\"o:0;e:power2.inOut;st:w;sp:1500;sR:7350;\"\n\t\t\t\t\t\t\t\tstyle=\"z-index:5;background-color:rgba(18,12,20,0.75);background:linear-gradient(to bottom, rgba(28,28,28,0.2) 0%,rgba(28,28,28,0.7) 100%);\"\n\t\t\t\t\t\t\t> \n\t\t\t\t\t\t\t<\/rs-layer><!--\n\n\t\t\t\t\t\t\t--><h1\n\t\t\t\t\t\t\t\tid=\"slider-28-slide-56-layer-2\" \n\t\t\t\t\t\t\t\tclass=\"rs-layer rs-pxl-1\"\n\t\t\t\t\t\t\t\tdata-type=\"text\"\n\t\t\t\t\t\t\t\tdata-color=\"rgba(255, 255, 255, 1)\"\n\t\t\t\t\t\t\t\tdata-rsp_ch=\"on\"\n\t\t\t\t\t\t\t\tdata-xy=\"x:c;y:t,m,m,m;yo:190px,-10px,6px,-10px;\"\n\t\t\t\t\t\t\t\tdata-text=\"w:normal;s:50,50,40,26;l:50,50,40,26;a:center;\"\n\t\t\t\t\t\t\t\tdata-dim=\"w:1025px,934px,697.445px,424px;h:151px,149px,124px,auto;\"\n\t\t\t\t\t\t\t\tdata-frame_0=\"y:50px;\"\n\t\t\t\t\t\t\t\tdata-frame_1=\"e:power3.out;st:2550;sp:1500;sR:2550;\"\n\t\t\t\t\t\t\t\tdata-frame_999=\"x:0;y:0;z:0;sX:0.9;sY:0.9;o:0;rX:0;rY:0;rZ:0;skX:0;skY:0;st:w;sp:1000;sR:4950;\"\n\t\t\t\t\t\t\t\tstyle=\"z-index:7;font-family:'Gilda Display';\"\n\t\t\t\t\t\t\t><strong>UNE EXP\u00c9RIENCE UNIQUE \u00c0 BILBAO<\/strong> \n\t\t\t\t\t\t\t<\/h1><!--\n\n\t\t\t\t\t\t\t--><p\n\t\t\t\t\t\t\t\tid=\"slider-28-slide-56-layer-3\" \n\t\t\t\t\t\t\t\tclass=\"rs-layer rs-pxl-2\"\n\t\t\t\t\t\t\t\tdata-type=\"text\"\n\t\t\t\t\t\t\t\tdata-rsp_ch=\"on\"\n\t\t\t\t\t\t\t\tdata-xy=\"x:c;y:t,m,m,m;yo:120px,-150px,-100px,-100px;\"\n\t\t\t\t\t\t\t\tdata-text=\"s:12,12,14,12;l:12,12,14,12;ls:4px;fw:500,400,400,400;a:center;\"\n\t\t\t\t\t\t\t\tdata-frame_0=\"y:50px;\"\n\t\t\t\t\t\t\t\tdata-frame_1=\"e:power3.out;st:2350;sp:1500;sR:2350;\"\n\t\t\t\t\t\t\t\tdata-frame_999=\"x:0;y:0;z:0;sX:0.9;sY:0.9;o:0;rX:0;rY:0;rZ:0;skX:0;skY:0;st:w;sp:1000;sR:5150;\"\n\t\t\t\t\t\t\t\tstyle=\"z-index:6;font-family:'Roboto';\"\n\t\t\t\t\t\t\t>GOIEN BOUTIQUE H\u00d4TEL \n\t\t\t\t\t\t\t<\/p><!--\n\n\t\t\t\t\t\t\t--><rs-layer\n\t\t\t\t\t\t\t\tid=\"slider-28-slide-56-layer-6\" \n\t\t\t\t\t\t\t\tclass=\"rev-btn rs-pxl-4\"\n\t\t\t\t\t\t\t\tdata-type=\"button\"\n\t\t\t\t\t\t\t\tdata-xy=\"x:c;y:t,m,m,m;yo:400px,150px,100px,100px;\"\n\t\t\t\t\t\t\t\tdata-text=\"s:11,13,13,13;l:12,13,13,13;ls:2px;fw:700,500,500,500;\"\n\t\t\t\t\t\t\t\tdata-rsp_bd=\"off\"\n\t\t\t\t\t\t\t\tdata-padding=\"t:15;r:35;b:15;l:35;\"\n\t\t\t\t\t\t\t\tdata-border=\"bos:solid;boc:#b48b35;bow:2px,2px,2px,2px;\"\n\t\t\t\t\t\t\t\tdata-frame_0=\"sX:0.9;sY:0.9;\"\n\t\t\t\t\t\t\t\tdata-frame_1=\"e:power2.out;st:3850;sp:1500;sR:3850;\"\n\t\t\t\t\t\t\t\tdata-frame_999=\"x:0;y:0;z:0;sX:0.75;sY:0.75;o:0;rX:0;rY:0;rZ:0;skX:0;skY:0;e:power1.in;st:w;sp:500;sR:3650;\"\n\t\t\t\t\t\t\t\tdata-frame_hover=\"c:#000;bgc:#fff;boc:#000;bor:0px,0px,0px,0px;bos:solid;bow:2px,2px,2px,2px;oX:50;oY:50;e:power1.inOut;\"\n\t\t\t\t\t\t\t\tstyle=\"z-index:8;background-color:#b48b35;font-family:'Roboto';cursor:pointer;\"\n\t\t\t\t\t\t\t>R\u00c9SERVE \n\t\t\t\t\t\t\t<\/rs-layer><!--\n\n\t\t\t\t\t\t\t--><rs-layer\n\t\t\t\t\t\t\t\tid=\"slider-28-slide-56-layer-8\" \n\t\t\t\t\t\t\t\tclass=\"tp-shape tp-shapewrapper rs-pxl-4\"\n\t\t\t\t\t\t\t\tdata-type=\"shape\"\n\t\t\t\t\t\t\t\tdata-rsp_ch=\"on\"\n\t\t\t\t\t\t\t\tdata-xy=\"x:c;y:t,m,m,m;yo:160px,-130px,-80px,-80px;\"\n\t\t\t\t\t\t\t\tdata-text=\"a:inherit;\"\n\t\t\t\t\t\t\t\tdata-dim=\"w:30px;h:1px;\"\n\t\t\t\t\t\t\t\tdata-frame_0=\"y:50px;\"\n\t\t\t\t\t\t\t\tdata-frame_1=\"st:2350;sp:1500;sR:2350;\"\n\t\t\t\t\t\t\t\tdata-frame_999=\"x:0;y:0;z:0;sX:0.9;sY:0.9;o:0;rX:0;rY:0;rZ:0;skX:0;skY:0;st:w;sp:1000;sR:5150;\"\n\t\t\t\t\t\t\t\tstyle=\"z-index:9;background-color:#ffffff;\"\n\t\t\t\t\t\t\t> \n\t\t\t\t\t\t\t<\/rs-layer><!--\n-->\t\t\t\t\t\t<\/rs-slide>\n\t\t\t\t\t<\/rs-slides>\n\t\t\t\t<\/rs-module>\n\t\t\t\t<script type=\"text\/javascript\">\n\t\t\t\t\tsetREVStartSize({c: 'rev_slider_28_1',rl:[1240,1024,778,480],el:[586,586,480,360],gw:[1240,1024,778,480],gh:[586,586,480,360],type:'standard',justify:'',layout:'fullwidth',mh:\"0\"});if (window.RS_MODULES!==undefined && window.RS_MODULES.modules!==undefined && window.RS_MODULES.modules[\"revslider281\"]!==undefined) {window.RS_MODULES.modules[\"revslider281\"].once = false;window.revapi28 = undefined;if (window.RS_MODULES.checkMinimal!==undefined) window.RS_MODULES.checkMinimal()}\n\t\t\t\t<\/script>\n\t\t\t<\/rs-module-wrap>\n\t\t\t<!-- END REVOLUTION SLIDER -->\n[\/et_pb_code][\/et_pb_column][\/et_pb_row][\/et_pb_section][et_pb_section fb_built=\u00bb1&#8243; admin_label=\u00bbFAQ\u00bb _builder_version=\u00bb4.20.2&#8243; _module_preset=\u00bbdefault\u00bb collapsed=\u00bboff\u00bb global_colors_info=\u00bb{}\u00bb theme_builder_area=\u00bbpost_content\u00bb][et_pb_row _builder_version=\u00bb4.17.6&#8243; _module_preset=\u00bbdefault\u00bb global_colors_info=\u00bb{}\u00bb theme_builder_area=\u00bbpost_content\u00bb][et_pb_column type=\u00bb4_4&#8243; _builder_version=\u00bb4.17.6&#8243; _module_preset=\u00bbdefault\u00bb global_colors_info=\u00bb{}\u00bb theme_builder_area=\u00bbpost_content\u00bb][et_pb_text _builder_version=\u00bb4.25.2&#8243; _module_preset=\u00bbb327cbe4-b1d5-4b66-ad37-40c8f2f061ba\u00bb header_2_font_size=\u00bb48px\u00bb header_2_line_height=\u00bb1.2em\u00bb hover_enabled=\u00bb0&#8243; header_2_font_size_tablet=\u00bb32px\u00bb header_2_font_size_phone=\u00bb20px\u00bb header_2_font_size_last_edited=\u00bbon|desktop\u00bb global_colors_info=\u00bb{}\u00bb theme_builder_area=\u00bbpost_content\u00bb sticky_enabled=\u00bb0&#8243;]<\/p>\n<h1>Pol\u00edtica de Cookies<\/h1>\n<p><b>INFORMACI\u00d3N SOBRE COOKIES\u00a0<\/b><b><br \/><\/b><\/p>\n<p><span style=\"font-weight: 400;\">Conforme con la Ley 34\/2002, de 11 de julio, de servicios de la sociedad de la informaci\u00f3n y de comercio electr\u00f3nico (LSSI), en relaci\u00f3n con el Reglamento (UE) 2016\/679 del Parlamento Europeo y del Consejo, de 27 de abril de 2016, General de Protecci\u00f3n de Datos (GDPR) y la Ley Org\u00e1nica 3\/2018, de 5 de diciembre, de Protecci\u00f3n de Datos y Garant\u00eda de los Derechos Digitales (LOPDGDD), es obligado obtener el consentimiento expreso del usuario de todas las p\u00e1ginas web que usan cookies prescindibles, antes de que este navegue por ellas.\u00a0<\/span><\/p>\n<p><b>\u00bfQU\u00c9 SON LAS COOKIES?\u00a0<\/b><\/p>\n<p><span style=\"font-weight: 400;\">Las <\/span><span style=\"font-weight: 400;\">cookies <\/span><span style=\"font-weight: 400;\">y otras tecnolog\u00edas similares tales como local shared objects, flash <\/span><span style=\"font-weight: 400;\">cookies <\/span><span style=\"font-weight: 400;\">o p\u00edxeles, son herramientas empleadas por los servidores Web para almacenar y recuperar informaci\u00f3n acerca de sus visitantes, as\u00ed como para ofrecer un correcto funcionamiento del sitio.\u00a0<\/span><\/p>\n<p><span style=\"font-weight: 400;\">Mediante el uso de estos dispositivos se permite al servidor Web recordar algunos datos concernientes al usuario, como sus preferencias para la visualizaci\u00f3n de las p\u00e1ginas de ese servidor, nombre y contrase\u00f1a, productos que m\u00e1s le interesan, etc.\u00a0<\/span><\/p>\n<p><span style=\"font-weight: 400;\">COOKIES <\/span><b>AFECTADAS POR LA NORMATIVA Y COOKIES EXCEPTUADAS\u00a0<\/b><\/p>\n<p><span style=\"font-weight: 400;\">Seg\u00fan la directiva de la UE, las <\/span><span style=\"font-weight: 400;\">cookies <\/span><span style=\"font-weight: 400;\">que requieren el consentimiento informado por parte del usuario son las <\/span><span style=\"font-weight: 400;\">cookies <\/span><span style=\"font-weight: 400;\">de anal\u00edtica y las de publicidad y afiliaci\u00f3n, quedando exceptuadas las de car\u00e1cter t\u00e9cnico y las necesarias para el funcionamiento del sitio web o la prestaci\u00f3n de servicios expresamente solicitados por el usuario.\u00a0<\/span><\/p>\n<p><b>TIPOS DE COOKIES\u00a0<\/b><\/p>\n<p><b>SEG\u00daN LA FINALIDAD\u00a0<\/b><\/p>\n<p><span style=\"font-weight: 400;\">Cookies <\/span><b>t\u00e9cnicas y funcionales<\/b><span style=\"font-weight: 400;\">: son aquellas que permiten al usuario la navegaci\u00f3n a trav\u00e9s de una p\u00e1gina web, plataforma o aplicaci\u00f3n y la utilizaci\u00f3n de las diferentes opciones o servicios que en ella existan<\/span><span style=\"font-weight: 400;\">.\u00a0<\/span><\/p>\n<p><span style=\"font-weight: 400;\">Cookies <\/span><b>anal\u00edticas<\/b><span style=\"font-weight: 400;\">: son aquellas que permiten al responsable de las mismas el seguimiento y an\u00e1lisis del comportamiento de los usuarios de los sitios web a los que est\u00e1n vinculadas. La informaci\u00f3n recogida mediante este tipo de <\/span><span style=\"font-weight: 400;\">cookies <\/span><span style=\"font-weight: 400;\">se utiliza en la medici\u00f3n de la actividad de los sitios web, aplicaci\u00f3n o plataforma y para la elaboraci\u00f3n de perfiles de navegaci\u00f3n de los usuarios de dichos sitios, aplicaciones y plataformas, con el fin de introducir mejoras en funci\u00f3n del an\u00e1lisis de los datos de uso que hacen los usuarios del servicio.\u00a0<\/span><\/p>\n<p><span style=\"font-weight: 400;\">Cookies <\/span><b>publicitarias: <\/b><span style=\"font-weight: 400;\">son aquellas que permiten la gesti\u00f3n, de la forma m\u00e1s eficaz posible, de los espacios publicitarios que, en su caso, el editor haya incluido en una p\u00e1gina web, aplicaci\u00f3n o plataforma desde la que presta el servicio solicitado en base a criterios como el contenido editado o la frecuencia en la que se muestran los anuncios.\u00a0<\/span><\/p>\n<p><span style=\"font-weight: 400;\">Cookies <\/span><b>de publicidad comportamental<\/b><span style=\"font-weight: 400;\">: recogen informaci\u00f3n sobre las preferencias y elecciones personales del usuario (<\/span><span style=\"font-weight: 400;\">retargeting<\/span><span style=\"font-weight: 400;\">) para permitir la gesti\u00f3n, de la forma m\u00e1s eficaz posible, de los espacios publicitarios que, en su caso, el editor haya incluido en una p\u00e1gina web, aplicaci\u00f3n o plataforma desde la que presta el servicio solicitado.\u00a0<\/span><\/p>\n<p><span style=\"font-weight: 400;\">Cookies <\/span><b>sociales<\/b><span style=\"font-weight: 400;\">: son establecidas por las plataformas de redes sociales en los servicios para permitirle compartir contenido con sus amigos y redes. Las plataformas de medios sociales tienen la<\/span> <span style=\"font-weight: 400;\">capacidad de rastrear su actividad en l\u00ednea fuera de los Servicios. Esto puede afectar al contenido y los mensajes que ve en otros servicios que visita.\u00a0<\/span><\/p>\n<p><span style=\"font-weight: 400;\">Cookies <\/span><b>de afiliados<\/b><span style=\"font-weight: 400;\">: permiten hacer un seguimiento de las visitas procedentes de otras webs, con las que el sitio web establece un contrato de afiliaci\u00f3n (empresas de afiliaci\u00f3n).\u00a0<\/span><\/p>\n<p><span style=\"font-weight: 400;\">Cookies <\/span><b>de seguridad<\/b><span style=\"font-weight: 400;\">: almacenan informaci\u00f3n cifrada para evitar que los datos guardados en ellas sean vulnerables a ataques maliciosos de terceros.\u00a0<\/span><\/p>\n<p><b>SEG\u00daN LA PROPIEDAD\u00a0<\/b><\/p>\n<p><span style=\"font-weight: 400;\">Cookies <\/span><b>propias<\/b><span style=\"font-weight: 400;\">: son aquellas que se env\u00edan al equipo terminal del usuario desde un equipo o dominio gestionado por el propio editor y desde el que se presta el servicio solicitado por el usuario. <\/span><span style=\"font-weight: 400;\">Cookies <\/span><b>de terceros: <\/b><span style=\"font-weight: 400;\">son aquellas que se env\u00edan al equipo terminal del usuario desde un equipo o dominio que no es gestionado por el editor, sino por otra entidad que trata los datos obtenidos trav\u00e9s de las cookies.\u00a0<\/span><\/p>\n<p><b>SEG\u00daN EL PLAZO DE CONSERVACI\u00d3N\u00a0<\/b><\/p>\n<p><span style=\"font-weight: 400;\">Cookies <\/span><b>de sesi\u00f3n: <\/b><span style=\"font-weight: 400;\">son un tipo de <\/span><span style=\"font-weight: 400;\">cookies <\/span><span style=\"font-weight: 400;\">dise\u00f1adas para recabar y almacenar datos mientras el usuario accede a una p\u00e1gina web.\u00a0<\/span><\/p>\n<p><span style=\"font-weight: 400;\">Cookies <\/span><b>persistentes: <\/b><span style=\"font-weight: 400;\">son un tipo de cookies en el que los datos siguen almacenados en el terminal y pueden ser accedidos y tratados durante un per\u00edodo definido por el responsable de la <\/span><span style=\"font-weight: 400;\">cookie<\/span><span style=\"font-weight: 400;\">, y que puede ir de unos minutos a varios a\u00f1os.\u00a0<\/span><\/p>\n<p><b>TRATAMIENTO DE DATOS PERSONALES\u00a0<\/b><\/p>\n<p><span style=\"font-weight: 400;\">ABARRAMARTI, S.L. es el <\/span><b>Responsable del tratamiento <\/b><span style=\"font-weight: 400;\">de los datos personales del <\/span><b>Interesado <\/b><span style=\"font-weight: 400;\">y le informa de que estos datos ser\u00e1n tratados de conformidad con lo dispuesto en el Reglamento (UE) 2016\/679, de 27 de abril de 2016 (GDPR), por lo que se le facilita la siguiente informaci\u00f3n del tratamiento:\u00a0<\/span><\/p>\n<p><b>Fines del tratamiento: <\/b><span style=\"font-weight: 400;\">seg\u00fan se especifica en el apartado de <\/span><span style=\"font-weight: 400;\">cookies <\/span><span style=\"font-weight: 400;\">que se utilizan en este sitio web.\u00a0<\/span><\/p>\n<p><b>Legitimaci\u00f3n del tratamiento<\/b><span style=\"font-weight: 400;\">: salvo en los casos en los que resulte necesario para la navegaci\u00f3n por la web, por consentimiento del interesado (art. 6.1.a GDPR).\u00a0<\/span><\/p>\n<p><b>Criterios de conservaci\u00f3n de los datos<\/b><span style=\"font-weight: 400;\">: seg\u00fan se especifica en el apartado de <\/span><span style=\"font-weight: 400;\">cookies <\/span><span style=\"font-weight: 400;\">utilizadas en la web.\u00a0<\/span><\/p>\n<p><b>Comunicaci\u00f3n de los datos<\/b><span style=\"font-weight: 400;\">: no se comunicar\u00e1n los datos a terceros, excepto en cookies propiedad de terceros o por obligaci\u00f3n legal.\u00a0<\/span><\/p>\n<p><b>Derechos que asisten al Interesado<\/b><span style=\"font-weight: 400;\">:\u00a0<\/span><\/p>\n<p><span style=\"font-weight: 400;\">&#8211; Derecho a retirar el consentimiento en cualquier momento.\u00a0<\/span><\/p>\n<p><span style=\"font-weight: 400;\">&#8211; Derecho de acceso, rectificaci\u00f3n, portabilidad y supresi\u00f3n de sus datos, y de limitaci\u00f3n u oposici\u00f3n a su tratamiento.\u00a0<\/span><\/p>\n<p><span style=\"font-weight: 400;\">&#8211; Derecho a presentar una reclamaci\u00f3n ante la Autoridad de control (www.aepd.es) si considera que el tratamiento no se ajusta a la normativa vigente.\u00a0<\/span><\/p>\n<p><b>Datos de contacto para ejercer sus derechos:\u00a0<\/b><\/p>\n<p><span style=\"font-weight: 400;\">ABARRAMARTI, S.L.. CALLE SOMERA N\u00ba 1 &#8211; 48005 BILBAO (Bizkaia). E-mail: <\/span><a href=\"mailto:info@hotelgoien.com\"><span style=\"font-weight: 400;\">info@hotelgoien.com<\/span><\/a><\/p>\n<p><a href=\"https:\/\/goienboutiquehotel.com\/politica-de-cookies.pdf\" target=\"_blank\" rel=\"noopener\"><b>PINCHE AQU\u00cd PARA CONOCER LAS COOKIES UTILIZADAS EN ESTE SITIO WEB\u00a0<\/b><\/a><\/p>\n<h1>\n<\/h1>\n<p>[\/et_pb_text][\/et_pb_column][\/et_pb_row][\/et_pb_section]<\/p>","protected":false},"excerpt":{"rendered":"<p>\n\t\t\t<!-- START Contacto REVOLUTION SLIDER 6.5.7 --><p class=\"rs-p-wp-fix\"><\/p>\n\t\t\t<rs-module-wrap id=\"rev_slider_28_2_wrapper\" data-source=\"gallery\" style=\"visibility:hidden;background:#000000;padding:0;margin:0px auto;margin-top:0;margin-bottom:0;\">\n\t\t\t\t<rs-module id=\"rev_slider_28_2\" style=\"\" data-version=\"6.5.7\">\n\t\t\t\t\t<rs-slides>\n\t\t\t\t\t\t<rs-slide style=\"position: absolute;\" data-key=\"rs-56\" data-title=\"slide\" data-anim=\"ms:2300;p:dark;\" data-in=\"o:0;\" data-out=\"o:0;\" data-p1=\"01\">\n\t\t\t\t\t\t\t<img loading=\"lazy\" decoding=\"async\" src=\"\/\/goienboutiquehotel.com\/wp-content\/plugins\/revslider\/public\/assets\/assets\/dummy.png\" alt=\"Goien Hotel Boutique Cafeter\u00eda\" title=\"Goien Hotel Boutique Cafeter\u00eda\" width=\"1500\" height=\"1000\" class=\"rev-slidebg tp-rs-img rs-lazyload\" data-lazyload=\"\/\/goienboutiquehotel.com\/wp-content\/uploads\/2024\/04\/goien-6.jpeg\" data-parallax=\"3\" data-no-retina>\n<!--\n\t\t\t\t\t\t\t--><rs-layer\n\t\t\t\t\t\t\t\tid=\"slider-28-slide-56-layer-1\" \n\t\t\t\t\t\t\t\tclass=\"tp-shape tp-shapewrapper\"\n\t\t\t\t\t\t\t\tdata-type=\"shape\"\n\t\t\t\t\t\t\t\tdata-xy=\"x:c;y:m;\"\n\t\t\t\t\t\t\t\tdata-dim=\"w:100%;h:100%;\"\n\t\t\t\t\t\t\t\tdata-basealign=\"slide\"\n\t\t\t\t\t\t\t\tdata-rsp_o=\"off\"\n\t\t\t\t\t\t\t\tdata-rsp_bd=\"off\"\n\t\t\t\t\t\t\t\tdata-frame_1=\"e:power2.inOut;st:150;sp:1500;sR:150;\"\n\t\t\t\t\t\t\t\tdata-frame_999=\"o:0;e:power2.inOut;st:w;sp:1500;sR:7350;\"\n\t\t\t\t\t\t\t\tstyle=\"z-index:5;background-color:rgba(18,12,20,0.75);background:linear-gradient(to bottom, rgba(28,28,28,0.2) 0%,rgba(28,28,28,0.7) 100%);\"\n\t\t\t\t\t\t\t> \n\t\t\t\t\t\t\t<\/rs-layer><!--\n\n\t\t\t\t\t\t\t--><h1\n\t\t\t\t\t\t\t\tid=\"slider-28-slide-56-layer-2\" \n\t\t\t\t\t\t\t\tclass=\"rs-layer rs-pxl-1\"\n\t\t\t\t\t\t\t\tdata-type=\"text\"\n\t\t\t\t\t\t\t\tdata-color=\"rgba(255, 255, 255, 1)\"\n\t\t\t\t\t\t\t\tdata-rsp_ch=\"on\"\n\t\t\t\t\t\t\t\tdata-xy=\"x:c;y:t,m,m,m;yo:190px,-10px,6px,-10px;\"\n\t\t\t\t\t\t\t\tdata-text=\"w:normal;s:50,50,40,26;l:50,50,40,26;a:center;\"\n\t\t\t\t\t\t\t\tdata-dim=\"w:1025px,934px,697.445px,424px;h:151px,149px,124px,auto;\"\n\t\t\t\t\t\t\t\tdata-frame_0=\"y:50px;\"\n\t\t\t\t\t\t\t\tdata-frame_1=\"e:power3.out;st:2550;sp:1500;sR:2550;\"\n\t\t\t\t\t\t\t\tdata-frame_999=\"x:0;y:0;z:0;sX:0.9;sY:0.9;o:0;rX:0;rY:0;rZ:0;skX:0;skY:0;st:w;sp:1000;sR:4950;\"\n\t\t\t\t\t\t\t\tstyle=\"z-index:7;font-family:'Gilda Display';\"\n\t\t\t\t\t\t\t><strong>UNE EXP\u00c9RIENCE UNIQUE \u00c0 BILBAO<\/strong> \n\t\t\t\t\t\t\t<\/h1><!--\n\n\t\t\t\t\t\t\t--><p\n\t\t\t\t\t\t\t\tid=\"slider-28-slide-56-layer-3\" \n\t\t\t\t\t\t\t\tclass=\"rs-layer rs-pxl-2\"\n\t\t\t\t\t\t\t\tdata-type=\"text\"\n\t\t\t\t\t\t\t\tdata-rsp_ch=\"on\"\n\t\t\t\t\t\t\t\tdata-xy=\"x:c;y:t,m,m,m;yo:120px,-150px,-100px,-100px;\"\n\t\t\t\t\t\t\t\tdata-text=\"s:12,12,14,12;l:12,12,14,12;ls:4px;fw:500,400,400,400;a:center;\"\n\t\t\t\t\t\t\t\tdata-frame_0=\"y:50px;\"\n\t\t\t\t\t\t\t\tdata-frame_1=\"e:power3.out;st:2350;sp:1500;sR:2350;\"\n\t\t\t\t\t\t\t\tdata-frame_999=\"x:0;y:0;z:0;sX:0.9;sY:0.9;o:0;rX:0;rY:0;rZ:0;skX:0;skY:0;st:w;sp:1000;sR:5150;\"\n\t\t\t\t\t\t\t\tstyle=\"z-index:6;font-family:'Roboto';\"\n\t\t\t\t\t\t\t>GOIEN BOUTIQUE H\u00d4TEL \n\t\t\t\t\t\t\t<\/p><!--\n\n\t\t\t\t\t\t\t--><rs-layer\n\t\t\t\t\t\t\t\tid=\"slider-28-slide-56-layer-6\" \n\t\t\t\t\t\t\t\tclass=\"rev-btn rs-pxl-4\"\n\t\t\t\t\t\t\t\tdata-type=\"button\"\n\t\t\t\t\t\t\t\tdata-xy=\"x:c;y:t,m,m,m;yo:400px,150px,100px,100px;\"\n\t\t\t\t\t\t\t\tdata-text=\"s:11,13,13,13;l:12,13,13,13;ls:2px;fw:700,500,500,500;\"\n\t\t\t\t\t\t\t\tdata-rsp_bd=\"off\"\n\t\t\t\t\t\t\t\tdata-padding=\"t:15;r:35;b:15;l:35;\"\n\t\t\t\t\t\t\t\tdata-border=\"bos:solid;boc:#b48b35;bow:2px,2px,2px,2px;\"\n\t\t\t\t\t\t\t\tdata-frame_0=\"sX:0.9;sY:0.9;\"\n\t\t\t\t\t\t\t\tdata-frame_1=\"e:power2.out;st:3850;sp:1500;sR:3850;\"\n\t\t\t\t\t\t\t\tdata-frame_999=\"x:0;y:0;z:0;sX:0.75;sY:0.75;o:0;rX:0;rY:0;rZ:0;skX:0;skY:0;e:power1.in;st:w;sp:500;sR:3650;\"\n\t\t\t\t\t\t\t\tdata-frame_hover=\"c:#000;bgc:#fff;boc:#000;bor:0px,0px,0px,0px;bos:solid;bow:2px,2px,2px,2px;oX:50;oY:50;e:power1.inOut;\"\n\t\t\t\t\t\t\t\tstyle=\"z-index:8;background-color:#b48b35;font-family:'Roboto';cursor:pointer;\"\n\t\t\t\t\t\t\t>R\u00c9SERVE \n\t\t\t\t\t\t\t<\/rs-layer><!--\n\n\t\t\t\t\t\t\t--><rs-layer\n\t\t\t\t\t\t\t\tid=\"slider-28-slide-56-layer-8\" \n\t\t\t\t\t\t\t\tclass=\"tp-shape tp-shapewrapper rs-pxl-4\"\n\t\t\t\t\t\t\t\tdata-type=\"shape\"\n\t\t\t\t\t\t\t\tdata-rsp_ch=\"on\"\n\t\t\t\t\t\t\t\tdata-xy=\"x:c;y:t,m,m,m;yo:160px,-130px,-80px,-80px;\"\n\t\t\t\t\t\t\t\tdata-text=\"a:inherit;\"\n\t\t\t\t\t\t\t\tdata-dim=\"w:30px;h:1px;\"\n\t\t\t\t\t\t\t\tdata-frame_0=\"y:50px;\"\n\t\t\t\t\t\t\t\tdata-frame_1=\"st:2350;sp:1500;sR:2350;\"\n\t\t\t\t\t\t\t\tdata-frame_999=\"x:0;y:0;z:0;sX:0.9;sY:0.9;o:0;rX:0;rY:0;rZ:0;skX:0;skY:0;st:w;sp:1000;sR:5150;\"\n\t\t\t\t\t\t\t\tstyle=\"z-index:9;background-color:#ffffff;\"\n\t\t\t\t\t\t\t> \n\t\t\t\t\t\t\t<\/rs-layer><!--\n-->\t\t\t\t\t\t<\/rs-slide>\n\t\t\t\t\t<\/rs-slides>\n\t\t\t\t<\/rs-module>\n\t\t\t\t<script type=\"text\/javascript\">\n\t\t\t\t\tsetREVStartSize({c: 'rev_slider_28_2',rl:[1240,1024,778,480],el:[586,586,480,360],gw:[1240,1024,778,480],gh:[586,586,480,360],type:'standard',justify:'',layout:'fullwidth',mh:\"0\"});if (window.RS_MODULES!==undefined && window.RS_MODULES.modules!==undefined && window.RS_MODULES.modules[\"revslider282\"]!==undefined) {window.RS_MODULES.modules[\"revslider282\"].once = false;window.revapi28_2 = undefined;if (window.RS_MODULES.checkMinimal!==undefined) window.RS_MODULES.checkMinimal()}\n\t\t\t\t<\/script>\n\t\t\t<\/rs-module-wrap>\n\t\t\t<!-- END REVOLUTION SLIDER -->\nPol\u00edtica de Cookies INFORMACI\u00d3N SOBRE COOKIES\u00a0 Conforme con la Ley 34\/2002, de 11 de julio, de servicios de la sociedad de la informaci\u00f3n y de comercio electr\u00f3nico (LSSI), en relaci\u00f3n con el Reglamento (UE) 2016\/679 del Parlamento Europeo y del Consejo, de 27 de abril de 2016, General de Protecci\u00f3n de Datos (GDPR) y [&hellip;]<\/p>","protected":false},"author":1,"featured_media":0,"parent":0,"menu_order":0,"comment_status":"closed","ping_status":"closed","template":"","meta":{"_et_pb_use_builder":"on","_et_pb_old_content":"","_et_gb_content_width":"","footnotes":""},"class_list":["post-225912","page","type-page","status-publish","hentry"],"aioseo_notices":[],"_links":{"self":[{"href":"https:\/\/goienboutiquehotel.com\/fr\/wp-json\/wp\/v2\/pages\/225912","targetHints":{"allow":["GET"]}}],"collection":[{"href":"https:\/\/goienboutiquehotel.com\/fr\/wp-json\/wp\/v2\/pages"}],"about":[{"href":"https:\/\/goienboutiquehotel.com\/fr\/wp-json\/wp\/v2\/types\/page"}],"author":[{"embeddable":true,"href":"https:\/\/goienboutiquehotel.com\/fr\/wp-json\/wp\/v2\/users\/1"}],"replies":[{"embeddable":true,"href":"https:\/\/goienboutiquehotel.com\/fr\/wp-json\/wp\/v2\/comments?post=225912"}],"version-history":[{"count":2,"href":"https:\/\/goienboutiquehotel.com\/fr\/wp-json\/wp\/v2\/pages\/225912\/revisions"}],"predecessor-version":[{"id":225916,"href":"https:\/\/goienboutiquehotel.com\/fr\/wp-json\/wp\/v2\/pages\/225912\/revisions\/225916"}],"wp:attachment":[{"href":"https:\/\/goienboutiquehotel.com\/fr\/wp-json\/wp\/v2\/media?parent=225912"}],"curies":[{"name":"wp","href":"https:\/\/api.w.org\/{rel}","templated":true}]}}